{"id":349,"date":"2020-07-07T07:42:12","date_gmt":"2020-07-07T07:42:12","guid":{"rendered":"https:\/\/neatrade.al\/?page_id=349"},"modified":"2020-07-07T07:42:43","modified_gmt":"2020-07-07T07:42:43","slug":"gazzosa","status":"publish","type":"page","link":"https:\/\/neatrade.al\/index.php\/gazzosa\/","title":{"rendered":"Gazzosa"},"content":{"rendered":"<div class=\"wpb-content-wrapper\"><p>[vc_row][vc_column width=&#8221;1\/2&#8243;][vc_single_image image=&#8221;351&#8243; img_size=&#8221;full&#8221; alignment=&#8221;center&#8221;][\/vc_column][vc_column width=&#8221;1\/2&#8243;][vc_custom_heading text=&#8221;Il fresco sapore del sud&#8221; use_theme_fonts=&#8221;yes&#8221;][vc_column_text]<\/p>\n<div class=\"main-text\">\n<div class=\"main-text\">Il gusto unico della nostra Gazzosa nasce lontano, nel tempo e nello spazio. La ricetta con cui lo facciamo \u00e8 quella originale degli anni &#8217;50 ed i limoni che usiamo sono quelli sfusati, coltivati da oltre 300 anni solo sui terrazzamenti della costiera amalfitana, famosi per la polpa succosa e semi dolce.<\/div>\n<\/div>\n<p>[\/vc_column_text]<div class=\"ult_exp_section_layer ult-adjust-bottom-margin  \" >\n\t\t<div id=\"uvc-exp-wrap-9841\" role=\"button\" tabindex=\"0\" aria-pressed=\"false\"  data-ultimate-target='#uvc-exp-wrap-9841'  data-responsive-json-new='{\"font-size\":\"desktop:20px;\",\"line-height\":\"desktop:20px;\"}'  class=\"ult_exp_section  ult-responsive \" style=\"color:#333333;background-color:#eae5e1; font-weight:normal;  text-align:center;\" data-textcolor=\"#333333\"data-texthover=\"#333333\"data-icncolor=\"#333333\"data-ihover=\"#333333\"data-height=\"0\"data-cntbg=\"#eae5e1\"data-cnthvrbg=\"#eae5e1\"data-headerbg=\"#eae5e1\"data-headerhover=\"#eae5e1\"data-title=\"Lexo me shume\"data-newtitle=\"Lexo me shume\"data-icon=\"\"data-newicon=\"\"data-activeicon=\"#333333\"data-effect=\"slideToggle\"data-override=\"0\"data-activetitle=\"#333333\"data-activebg=\"#eae5e1\"data-img=\"\"data-newimg=\"\"><div  class=\"ult_exp_section-main \">\n\t\t\t\t\t<div class=\"ult_expheader\" >Lexo me shume\n\t\t\t\t\t <\/div><\/div>\n\t\t\t\t<\/div><div class=\"ult_exp_content \" style=\"background-color:#eae5e1;  \"><div class=\"ult_ecpsub_cont\" style=\" \" >[vc_column_text css=&#8221;.vc_custom_1594107603104{padding-right: 10px !important;padding-left: 10px !important;}&#8221;]<\/p>\n<p style=\"text-align: left;\">Alla vista si presenta brillante e cristallina.<br \/>\nProfumo schietto e vivace di limone. L&#8217;intensit\u00e0 \u00e8 esaltata dalla presenza dell&#8217;anidride carbonica che armonizza ed affina l&#8217;evocazione di zagare e scorza di limone.<br \/>\nParticolarmente equilibrata e corposa, la lunga persistenza \u00e8 accompagnata da una gentile acidit\u00e0 che si stempera in note dolci.<br \/>\nAroma intenso di limoni, molto persistente ma fine.<\/p>\n<p style=\"text-align: left;\">Consumata in purezza \u00e8 un ottimo dissetante, ma grazie al suo gradevole tono di acidit\u00e0, pu\u00f2 essere abbinata tranquillamente a piatti a base di pesce crudo e crostacei.<br \/>\nOttima anche trasformata in sorbetto con l\u2019aggiunta di una foglia di menta o salvia.<br \/>\nDa servire in bicchiere di vetro tondeggiante, senza aggiunta di ghiaccio, con due foglioline di menta e un bastoncino di liquirizia.<\/p>\n<p style=\"text-align: left;\">Temperatura: 5\/8 \u00b0C<\/p>\n<p>[\/vc_column_text]<div class=\"aio-icon-component    style_1\"><div id=\"Info-box-wrap-5241\" class=\"aio-icon-box default-icon\" style=\"\"  ><div class=\"aio-icon-default\"><div class=\"ult-just-icon-wrapper  \"><div class=\"align-icon\" style=\"text-align:center;\">\n<div class=\"aio-icon-img \" style=\"font-size:50px;display:inline-block;\" >\n\t<img decoding=\"async\" class=\"img-icon\" alt=\"null\" src=\"https:\/\/neatrade.al\/wp-content\/uploads\/2020\/07\/PDF-Icon1.png\"\/>\n<\/div><\/div><\/div><\/div><div class=\"aio-icon-header\" ><a class=\"aio-icon-box-link\" href=\"\/wp-content\/uploads\/2020\/07\/2016_Lurisia_Nostra_Gazzosa.pdf\" ><h3 class=\"aio-icon-title ult-responsive\"  data-ultimate-target='#Info-box-wrap-5241 .aio-icon-title'  data-responsive-json-new='{\"font-size\":\"\",\"line-height\":\"\"}'  style=\"\">Skeda Teknike<\/h3><\/a><\/div> <!-- header --><\/div> <!-- aio-icon-box --><\/div> <!-- aio-icon-component --><\/div><\/div>\n\n\t\t\t<\/div>[vc_single_image image=&#8221;352&#8243; img_size=&#8221;full&#8221;][\/vc_column][\/vc_row]<\/p>\n<\/div>","protected":false},"excerpt":{"rendered":"<p>[vc_row][vc_column width=&#8221;1\/2&#8243;][vc_single_image image=&#8221;351&#8243; img_size=&#8221;full&#8221; alignment=&#8221;center&#8221;][\/vc_column][vc_column width=&#8221;1\/2&#8243;][vc_custom_heading text=&#8221;Il fresco sapore del sud&#8221; use_theme_fonts=&#8221;yes&#8221;][vc_column_text] Il gusto unico della nostra Gazzosa nasce lontano, nel tempo e nello spazio. La ricetta con cui lo facciamo \u00e8 quella originale degli anni &#8217;50 ed i limoni che usiamo sono quelli sfusati, coltivati da oltre 300 anni solo sui terrazzamenti della costiera&hellip;<\/p>\n","protected":false},"author":1,"featured_media":0,"parent":0,"menu_order":0,"comment_status":"closed","ping_status":"closed","template":"","meta":{"footnotes":""},"class_list":["post-349","page","type-page","status-publish","hentry","description-off"],"_links":{"self":[{"href":"https:\/\/neatrade.al\/index.php\/wp-json\/wp\/v2\/pages\/349","targetHints":{"allow":["GET"]}}],"collection":[{"href":"https:\/\/neatrade.al\/index.php\/wp-json\/wp\/v2\/pages"}],"about":[{"href":"https:\/\/neatrade.al\/index.php\/wp-json\/wp\/v2\/types\/page"}],"author":[{"embeddable":true,"href":"https:\/\/neatrade.al\/index.php\/wp-json\/wp\/v2\/users\/1"}],"replies":[{"embeddable":true,"href":"https:\/\/neatrade.al\/index.php\/wp-json\/wp\/v2\/comments?post=349"}],"version-history":[{"count":1,"href":"https:\/\/neatrade.al\/index.php\/wp-json\/wp\/v2\/pages\/349\/revisions"}],"predecessor-version":[{"id":353,"href":"https:\/\/neatrade.al\/index.php\/wp-json\/wp\/v2\/pages\/349\/revisions\/353"}],"wp:attachment":[{"href":"https:\/\/neatrade.al\/index.php\/wp-json\/wp\/v2\/media?parent=349"}],"curies":[{"name":"wp","href":"https:\/\/api.w.org\/{rel}","templated":true}]}}