{"id":316,"date":"2020-07-06T15:59:50","date_gmt":"2020-07-06T15:59:50","guid":{"rendered":"https:\/\/neatrade.al\/?page_id=316"},"modified":"2020-07-07T07:17:30","modified_gmt":"2020-07-07T07:17:30","slug":"tonica","status":"publish","type":"page","link":"https:\/\/neatrade.al\/index.php\/tonica\/","title":{"rendered":"Tonica"},"content":{"rendered":"<div class=\"wpb-content-wrapper\"><p>[vc_row][vc_column width=&#8221;1\/2&#8243;][vc_single_image image=&#8221;321&#8243; img_size=&#8221;full&#8221; alignment=&#8221;center&#8221;][\/vc_column][vc_column width=&#8221;1\/2&#8243;][vc_custom_heading text=&#8221;Disseta in modo brillante&#8221; use_theme_fonts=&#8221;yes&#8221;][vc_column_text]<\/p>\n<div class=\"main-text\">\n<div class=\"main-text\">Anche per la nostra Acqua Tonica la differenza la fa un Pres\u00ecdio Slow Food, quello dei Chinotti di Savona. Il microclima della riviera ligure di Ponente conferisce al frutto profumi intensi ed un eccezionale succosit\u00e0. La speciale tintura estratta dai chinotti d\u00e0 alla bibita un sapore unico, ottenendo cos\u00ec una bevanda buona e dissetante.<\/div>\n<\/div>\n<p>[\/vc_column_text]<div class=\"ult_exp_section_layer ult-adjust-bottom-margin  \" >\n\t\t<div id=\"uvc-exp-wrap-3840\" role=\"button\" tabindex=\"0\" aria-pressed=\"false\"  data-ultimate-target='#uvc-exp-wrap-3840'  data-responsive-json-new='{\"font-size\":\"desktop:20px;\",\"line-height\":\"desktop:20px;\"}'  class=\"ult_exp_section  ult-responsive \" style=\"color:#333333;background-color:#eae5e1; font-weight:normal;  text-align:center;\" data-textcolor=\"#333333\"data-texthover=\"#333333\"data-icncolor=\"#333333\"data-ihover=\"#333333\"data-height=\"0\"data-cntbg=\"#eae5e1\"data-cnthvrbg=\"#eae5e1\"data-headerbg=\"#eae5e1\"data-headerhover=\"#eae5e1\"data-title=\"Lexo me shume\"data-newtitle=\"Lexo me shume\"data-icon=\"\"data-newicon=\"\"data-activeicon=\"#333333\"data-effect=\"slideToggle\"data-override=\"0\"data-activetitle=\"#333333\"data-activebg=\"#eae5e1\"data-img=\"\"data-newimg=\"\"><div  class=\"ult_exp_section-main \">\n\t\t\t\t\t<div class=\"ult_expheader\" >Lexo me shume\n\t\t\t\t\t <\/div><\/div>\n\t\t\t\t<\/div><div class=\"ult_exp_content \" style=\"background-color:#eae5e1;  \"><div class=\"ult_ecpsub_cont\" style=\" \" >[vc_column_text css=&#8221;.vc_custom_1594105652635{padding-right: 10px !important;padding-left: 10px !important;}&#8221;]<\/p>\n<div class=\"drink-property\">\n<p style=\"text-align: left;\">Colore limpido e brillante. Effervescenza molto fine e persistente.<br \/>\nProfumo di scorza di chinotto di spiccata franchezza e di notevole vivacit\u00e0 raccolto in un delicato bouquet.<br \/>\nLa nota amara \u00e8 accompagnata e bilanciata dalla leggera acidit\u00e0 che conferisce freschezza.<br \/>\nAroma fine e persistente in cui riemergono i sentori agrumati accompagnati da una gradevole nota amara.<\/p>\n<p style=\"text-align: left;\">Consumata in purezza \u00e8 un ottimo dissetante. Perfetta come aperitivo per accompagnare stuzzichini salati, o a tutto pasto.<br \/>\nNasce come base per i cocktail.<br \/>\nDa servire in bicchiere di vetro con stelo, con ghiaccio d&#8217;acqua minerale naturale e una piccola scorza di limone.<\/p>\n<p style=\"text-align: left;\">Temperatura: 5\/8 \u00b0C<\/p>\n<\/div>\n<p>[\/vc_column_text]<div class=\"aio-icon-component  vc_custom_1594106240869   style_1\"><div id=\"Info-box-wrap-9152\" class=\"aio-icon-box default-icon\" style=\"\"  ><div class=\"aio-icon-default\"><div class=\"ult-just-icon-wrapper  \"><div class=\"align-icon\" style=\"text-align:center;\">\n<div class=\"aio-icon-img \" style=\"font-size:50px;display:inline-block;\" >\n\t<img decoding=\"async\" class=\"img-icon\" alt=\"null\" src=\"https:\/\/neatrade.al\/wp-content\/uploads\/2020\/07\/PDF-Icon1.png\"\/>\n<\/div><\/div><\/div><\/div><div class=\"aio-icon-header\" ><a class=\"aio-icon-box-link\" href=\"\/wp-content\/uploads\/2020\/07\/2016_Lurisia_Nostra_ACqua_Tonica_Chinotto.pdf\" ><h3 class=\"aio-icon-title ult-responsive\"  data-ultimate-target='#Info-box-wrap-9152 .aio-icon-title'  data-responsive-json-new='{\"font-size\":\"\",\"line-height\":\"\"}'  style=\"\">Skeda Teknike<\/h3><\/a><\/div> <!-- header --><\/div> <!-- aio-icon-box --><\/div> <!-- aio-icon-component --><\/div><\/div>\n\n\t\t\t<\/div>[vc_single_image image=&#8221;318&#8243; img_size=&#8221;full&#8221;][\/vc_column][\/vc_row]<\/p>\n<\/div>","protected":false},"excerpt":{"rendered":"<p>[vc_row][vc_column width=&#8221;1\/2&#8243;][vc_single_image image=&#8221;321&#8243; img_size=&#8221;full&#8221; alignment=&#8221;center&#8221;][\/vc_column][vc_column width=&#8221;1\/2&#8243;][vc_custom_heading text=&#8221;Disseta in modo brillante&#8221; use_theme_fonts=&#8221;yes&#8221;][vc_column_text] Anche per la nostra Acqua Tonica la differenza la fa un Pres\u00ecdio Slow Food, quello dei Chinotti di Savona. Il microclima della riviera ligure di Ponente conferisce al frutto profumi intensi ed un eccezionale succosit\u00e0. La speciale tintura estratta dai chinotti d\u00e0 alla bibita&hellip;<\/p>\n","protected":false},"author":1,"featured_media":0,"parent":0,"menu_order":0,"comment_status":"closed","ping_status":"closed","template":"","meta":{"footnotes":""},"class_list":["post-316","page","type-page","status-publish","hentry","description-off"],"_links":{"self":[{"href":"https:\/\/neatrade.al\/index.php\/wp-json\/wp\/v2\/pages\/316","targetHints":{"allow":["GET"]}}],"collection":[{"href":"https:\/\/neatrade.al\/index.php\/wp-json\/wp\/v2\/pages"}],"about":[{"href":"https:\/\/neatrade.al\/index.php\/wp-json\/wp\/v2\/types\/page"}],"author":[{"embeddable":true,"href":"https:\/\/neatrade.al\/index.php\/wp-json\/wp\/v2\/users\/1"}],"replies":[{"embeddable":true,"href":"https:\/\/neatrade.al\/index.php\/wp-json\/wp\/v2\/comments?post=316"}],"version-history":[{"count":5,"href":"https:\/\/neatrade.al\/index.php\/wp-json\/wp\/v2\/pages\/316\/revisions"}],"predecessor-version":[{"id":325,"href":"https:\/\/neatrade.al\/index.php\/wp-json\/wp\/v2\/pages\/316\/revisions\/325"}],"wp:attachment":[{"href":"https:\/\/neatrade.al\/index.php\/wp-json\/wp\/v2\/media?parent=316"}],"curies":[{"name":"wp","href":"https:\/\/api.w.org\/{rel}","templated":true}]}}