{"id":170,"date":"2020-06-10T13:46:15","date_gmt":"2020-06-10T13:46:15","guid":{"rendered":"https:\/\/neatrade.al\/?page_id=170"},"modified":"2020-06-10T14:59:01","modified_gmt":"2020-06-10T14:59:01","slug":"bolle-e-stille-alu","status":"publish","type":"page","link":"https:\/\/neatrade.al\/index.php\/bolle-e-stille-alu\/","title":{"rendered":"Bolle e Stille ALU"},"content":{"rendered":"<div class=\"wpb-content-wrapper\"><p>[vc_row][vc_column width=&#8221;1\/2&#8243;][vc_single_image image=&#8221;172&#8243; img_size=&#8221;full&#8221; alignment=&#8221;center&#8221;][\/vc_column][vc_column width=&#8221;1\/2&#8243;][vc_custom_heading text=&#8221;Bolle e Stille ALU. L\u2019eleganza della semplicit\u00e0&#8221; use_theme_fonts=&#8221;yes&#8221;][vc_column_text]<\/p>\n<div class=\"main-text\">\n<div class=\"main-text\">Una bottiglia semplificata, pi\u00f9 adatta al servizio a domicilio, ma senza perdere eleganza e stile. Stille \u00e8 la nostra acqua naturale piatta. Bolle, come dice il nome, \u00e8 la nostra acqua in versione\u00a0<b>addizionata con anidride carbonica proveniente da giacimento naturale.<\/b> L\u2019acqua \u00e8 quella pura e leggera (con un residuo fisso tra i pi\u00f9 bassi d\u2019Europa) della Fonte Santa Barbara. Proviene dal monte Pigna, a 1460 metri sul livello del mare, in un ambiente incontaminato e lontano da possibili fonti di inquinamento.<\/div>\n<\/div>\n<div class=\"main-text\">\n<div class=\"drink-property\">\n<p>&nbsp;<\/p>\n<p><strong>Fonte S. Barbara<\/strong><\/p>\n<p>Durezza totale:\u00a0<strong>\u00b0f 1,1\u00a0<\/strong>Contenuto di sodio:\u00a0<strong>2,6 mg\/l\u00a0<\/strong>Residuo fisso a 180 \u00b0C:\u00a0<strong>36 mg\/l<\/strong>\u00a0pH al prelievo:\u00a0<strong>6,7<\/strong><\/p>\n<\/div>\n<\/div>\n<p>[\/vc_column_text]<div class=\"ult_exp_section_layer ult-adjust-bottom-margin  \" >\n\t\t<div id=\"uvc-exp-wrap-6292\" role=\"button\" tabindex=\"0\" aria-pressed=\"false\"  data-ultimate-target='#uvc-exp-wrap-6292'  data-responsive-json-new='{\"font-size\":\"desktop:20px;\",\"line-height\":\"desktop:20px;\"}'  class=\"ult_exp_section  ult-responsive \" style=\"color:#333333;background-color:#eae5e1; font-weight:normal;  text-align:center;\" data-textcolor=\"#333333\"data-texthover=\"#333333\"data-icncolor=\"#333333\"data-ihover=\"#333333\"data-height=\"0\"data-cntbg=\"#eae5e1\"data-cnthvrbg=\"#eae5e1\"data-headerbg=\"#eae5e1\"data-headerhover=\"#eae5e1\"data-title=\"Lexo me shume\"data-newtitle=\"Lexo me shume\"data-icon=\"\"data-newicon=\"\"data-activeicon=\"#333333\"data-effect=\"slideToggle\"data-override=\"0\"data-activetitle=\"#333333\"data-activebg=\"#eae5e1\"data-img=\"\"data-newimg=\"\"><div  class=\"ult_exp_section-main \">\n\t\t\t\t\t<div class=\"ult_expheader\" >Lexo me shume\n\t\t\t\t\t <\/div><\/div>\n\t\t\t\t<\/div><div class=\"ult_exp_content \" style=\"background-color:#eae5e1;  \"><div class=\"ult_ecpsub_cont\" style=\" \" >[vc_column_text css=&#8221;.vc_custom_1591796722996{padding-right: 10px !important;padding-left: 10px !important;}&#8221;]<\/p>\n<div class=\"drink-property\">\n<p style=\"text-align: left;\">Perfettamente incolore con riflessi condizionati dall&#8217;ambiente circostante. Perfettamente inodore. Gusto perfettamente equilibrato e neutro per la quantit\u00e0 minima di minerali presenti. Decisa tendenza insapore.<\/p>\n<p style=\"text-align: left;\">Consumata in purezza \u00e8 un&#8217;ottima dissetante ed \u00e8 indicata ad accompagnare tutto il pasto per la sua caratteristica di neutralit\u00e0. Non copre n\u00e9 inquina i sapori ma li esalta lasciando il palato pulito. Sia nella versione Bolle che Stille, da servire in bicchiere di vetro trasparente, preferibilmente con stelo, senza ghiaccio.<\/p>\n<\/div>\n<p>[\/vc_column_text]<\/div><\/div>\n\n\t\t\t<\/div><div class=\"aio-icon-component    style_1\"><div id=\"Info-box-wrap-2708\" class=\"aio-icon-box default-icon\" style=\"\"  ><div class=\"aio-icon-default\"><div class=\"ult-just-icon-wrapper  \"><div class=\"align-icon\" style=\"text-align:center;\">\n<div class=\"aio-icon-img \" style=\"font-size:50px;display:inline-block;\" >\n\t<img decoding=\"async\" class=\"img-icon\" alt=\"null\" src=\"https:\/\/neatrade.al\/wp-content\/uploads\/2020\/06\/PDF-Download-button.png\"\/>\n<\/div><\/div><\/div><\/div><div class=\"aio-icon-header\" ><a class=\"aio-icon-box-link\" href=\"\/wp-content\/uploads\/2020\/06\/2016_Lurisia_BolleStilleAlu_VAR.pdf\" ><h3 class=\"aio-icon-title ult-responsive\"  data-ultimate-target='#Info-box-wrap-2708 .aio-icon-title'  data-responsive-json-new='{\"font-size\":\"\",\"line-height\":\"\"}'  style=\"\">Skeda Teknike<\/h3><\/a><\/div> <!-- header --><\/div> <!-- aio-icon-box --><\/div> <!-- aio-icon-component -->[\/vc_column][\/vc_row]<\/p>\n<\/div>","protected":false},"excerpt":{"rendered":"<p>[vc_row][vc_column width=&#8221;1\/2&#8243;][vc_single_image image=&#8221;172&#8243; img_size=&#8221;full&#8221; alignment=&#8221;center&#8221;][\/vc_column][vc_column width=&#8221;1\/2&#8243;][vc_custom_heading text=&#8221;Bolle e Stille ALU. L\u2019eleganza della semplicit\u00e0&#8221; use_theme_fonts=&#8221;yes&#8221;][vc_column_text] Una bottiglia semplificata, pi\u00f9 adatta al servizio a domicilio, ma senza perdere eleganza e stile. Stille \u00e8 la nostra acqua naturale piatta. Bolle, come dice il nome, \u00e8 la nostra acqua in versione\u00a0addizionata con anidride carbonica proveniente da giacimento naturale. L\u2019acqua&hellip;<\/p>\n","protected":false},"author":1,"featured_media":0,"parent":0,"menu_order":0,"comment_status":"closed","ping_status":"closed","template":"","meta":{"footnotes":""},"class_list":["post-170","page","type-page","status-publish","hentry","description-off"],"_links":{"self":[{"href":"https:\/\/neatrade.al\/index.php\/wp-json\/wp\/v2\/pages\/170","targetHints":{"allow":["GET"]}}],"collection":[{"href":"https:\/\/neatrade.al\/index.php\/wp-json\/wp\/v2\/pages"}],"about":[{"href":"https:\/\/neatrade.al\/index.php\/wp-json\/wp\/v2\/types\/page"}],"author":[{"embeddable":true,"href":"https:\/\/neatrade.al\/index.php\/wp-json\/wp\/v2\/users\/1"}],"replies":[{"embeddable":true,"href":"https:\/\/neatrade.al\/index.php\/wp-json\/wp\/v2\/comments?post=170"}],"version-history":[{"count":5,"href":"https:\/\/neatrade.al\/index.php\/wp-json\/wp\/v2\/pages\/170\/revisions"}],"predecessor-version":[{"id":176,"href":"https:\/\/neatrade.al\/index.php\/wp-json\/wp\/v2\/pages\/170\/revisions\/176"}],"wp:attachment":[{"href":"https:\/\/neatrade.al\/index.php\/wp-json\/wp\/v2\/media?parent=170"}],"curies":[{"name":"wp","href":"https:\/\/api.w.org\/{rel}","templated":true}]}}