{"id":15,"date":"2020-06-09T13:28:48","date_gmt":"2020-06-09T13:28:48","guid":{"rendered":"https:\/\/neatrade.al\/?page_id=15"},"modified":"2022-09-17T14:15:51","modified_gmt":"2022-09-17T14:15:51","slug":"home","status":"publish","type":"page","link":"https:\/\/neatrade.al\/","title":{"rendered":"HOME"},"content":{"rendered":"<div class=\"wpb-content-wrapper\"><p>[vc_row bg_type=&#8221;image&#8221; parallax_style=&#8221;vcpb-default&#8221; bg_image_new=&#8221;id^68|url^https:\/\/neatrade.al\/wp-content\/uploads\/2020\/06\/ASSSD.jpg|caption^null|alt^null|title^ASSSD|description^null&#8221; bg_image_repeat=&#8221;no-repeat&#8221; bg_override=&#8221;ex-full&#8221; css=&#8221;.vc_custom_1591718002678{padding-top: 50px !important;padding-bottom: 50px !important;}&#8221;][vc_column width=&#8221;1\/2&#8243;][vc_single_image image=&#8221;62&#8243; img_size=&#8221;600&#215;450&#8243; el_class=&#8221;img_dsg&#8221;][\/vc_column][vc_column width=&#8221;1\/2&#8243;][vc_empty_space height=&#8221;40px&#8221;][vc_custom_heading text=&#8221;RRETH NEA TRADE&#8221; use_theme_fonts=&#8221;yes&#8221;][vc_column_text]Nea Trade \u00ebsht\u00eb themeluar n\u00eb vitin 2014 nga nj\u00eb aksioner i vet\u00ebm, Donald B\u00ebshtika.<br \/>\nKompania e ka nisur aktivitetin n\u00eb importin dhe distribucionin e kafes\u00eb e t\u00eb ver\u00ebs, duke synuar tregun shqip\u00ebtar.<br \/>\nNe kemi zgjedhur cil\u00ebsin\u00eb m\u00eb t\u00eb mir\u00eb t\u00eb linj\u00ebs \u2013 HoReCa.<\/p>\n<p>P\u00ebr ne cil\u00ebsia e produktit \u00ebsht\u00eb e para!<br \/>\nP\u00ebr t\u00eb jetuar mir\u00eb, duhet t\u00eb shijosh mir\u00eb!<br \/>\nShija juaj \u00ebsht\u00eb n\u00eb duart tona![\/vc_column_text]<div class=\" ubtn-ctn-left \"><a class=\"ubtn-link ult-adjust-bottom-margin ubtn-left ubtn-normal \" href=\"https:\/\/neatrade.al\/index.php\/rreth-nesh\/\" ><button type=\"button\" id=\"ubtn-6034\"  class=\"ubtn ult-adjust-bottom-margin ult-responsive ubtn-normal ubtn-center-dg-bg  none  ubtn-left   tooltip-69d56a6590753\"  data-hover=\"#eae5e1\" data-border-color=\"\" data-bg=\"#e9e4e0\" data-hover-bg=\"#000000\" data-border-hover=\"\" data-shadow-hover=\"\" data-shadow-click=\"none\" data-shadow=\"\" data-shd-shadow=\"\"  data-ultimate-target='#ubtn-6034'  data-responsive-json-new='{\"font-size\":\"desktop:17px;\",\"line-height\":\"\"}'  style=\"font-weight:normal;border:none;background: #e9e4e0;color: #000000;\"><span class=\"ubtn-hover\" style=\"background-color:#000000\"><\/span><span class=\"ubtn-data ubtn-text \" >Lexo me Shume<\/span><\/button><\/a><\/div>[\/vc_column][\/vc_row][vc_row bg_type=&#8221;image&#8221; parallax_style=&#8221;vcpb-default&#8221; bg_image_new=&#8221;id^71|url^https:\/\/neatrade.al\/wp-content\/uploads\/2020\/06\/background.jpg|caption^null|alt^null|title^-background|description^null&#8221; bg_image_repeat=&#8221;no-repeat&#8221; bg_img_attach=&#8221;fixed&#8221; bg_override=&#8221;ex-full&#8221; css=&#8221;.vc_custom_1591775658878{padding-top: 50px !important;padding-bottom: 70px !important;}&#8221;][vc_column][vc_custom_heading text=&#8221;PRODUKTET TONA&#8221; font_container=&#8221;tag:h2|text_align:center&#8221; use_theme_fonts=&#8221;yes&#8221;][vc_single_image image=&#8221;64&#8243; img_size=&#8221;full&#8221; alignment=&#8221;center&#8221;][vc_row_inner css=&#8221;.vc_custom_1591775665325{padding-bottom: 40px !important;}&#8221;][vc_column_inner width=&#8221;1\/3&#8243; css=&#8221;.vc_custom_1591802695591{padding-top: 15px !important;}&#8221;]<div class=\"shortcode-banner shortcode-banner-link zoomIn animate-element\" style=\"min-height: 350px;background-image: url(https:\/\/neatrade.al\/wp-content\/uploads\/2021\/03\/Logo-Lazzarin-1.png)\" onclick=\"window.location.href='https:\/\/neatrade.al\/index.php\/kafe\/';\"><div class=\"shortcode-banner-bg wf-table\" style=\"padding: 10px;min-height: 350px\"><div class=\"shortcode-banner-inside wf-table text-big\" style=\"background-color: rgb(12,12,12);background-color: rgba(12,12,12,0.4);border: solid 10px transparent;outline: solid 3px;outline-color: #ffffff;height: 340px\"><div><h2 style=\"text-align: center;\"><strong><span style=\"color: #ffffff;\">KAFE<\/span><\/strong><\/h2>\n<\/div><\/div><\/div><\/div>[\/vc_column_inner][vc_column_inner width=&#8221;1\/3&#8243;]<div class=\"shortcode-banner shortcode-banner-link zoomIn animate-element\" style=\"min-height: 350px;background-image: url(https:\/\/neatrade.al\/wp-content\/uploads\/2020\/07\/e29ce013-0223-4b6d-95e1-d281d24fe8ee.jpg)\" onclick=\"window.location.href='https:\/\/neatrade.al\/index.php\/vere\/';\"><div class=\"shortcode-banner-bg wf-table\" style=\"padding: 10px;min-height: 350px\"><div class=\"shortcode-banner-inside wf-table text-big\" style=\"background-color: rgb(12,12,12);background-color: rgba(12,12,12,0.4);border: solid 10px transparent;outline: solid 3px;outline-color: #ffffff;height: 340px\"><div><h2 style=\"text-align: center;\"><strong><span style=\"color: #ffffff;\">VERA<\/span><\/strong><\/h2>\n<\/div><\/div><\/div><\/div>[\/vc_column_inner][vc_column_inner width=&#8221;1\/3&#8243;]<div class=\"shortcode-banner shortcode-banner-link zoomIn animate-element\" style=\"min-height: 355px;background-image: url(https:\/\/neatrade.al\/wp-content\/uploads\/2020\/06\/lengjeq.jpg)\" onclick=\"window.location.href='https:\/\/neatrade.al\/index.php\/lengje\/';\"><div class=\"shortcode-banner-bg wf-table\" style=\"padding: 10px;min-height: 355px\"><div class=\"shortcode-banner-inside wf-table text-big\" style=\"background-color: rgb(12,12,12);background-color: rgba(12,12,12,0.4);border: solid 10px transparent;outline: solid 3px;outline-color: #ffffff;height: 345px\"><div><h2 style=\"text-align: center;\"><strong><span style=\"color: #ffffff;\">LENGJE<\/span><\/strong><\/h2>\n<\/div><\/div><\/div><\/div>[\/vc_column_inner][\/vc_row_inner][\/vc_column][\/vc_row][vc_row bg_type=&#8221;image&#8221; parallax_style=&#8221;vcpb-default&#8221; bg_image_new=&#8221;id^87|url^https:\/\/neatrade.al\/wp-content\/uploads\/2020\/06\/lazzarin-distributori-piccoli-1000-b8421cea.jpg|caption^null|alt^null|title^lazzarin-distributori-piccoli-1000-b8421cea|description^null&#8221; bg_image_repeat=&#8221;no-repeat&#8221; bg_override=&#8221;ex-full&#8221; css=&#8221;.vc_custom_1591778292050{padding-top: 80px !important;padding-bottom: 80px !important;}&#8221;][vc_column width=&#8221;2\/3&#8243;][vc_custom_heading text=&#8221;Per me shume informacion per produktet tona<br \/>\nna kontaktoni&#8221; font_container=&#8221;tag:h3|font_size:35|text_align:left|color:%23ffffff|line_height:1.5&#8243; use_theme_fonts=&#8221;yes&#8221; css=&#8221;.vc_custom_1591778497269{padding-top: -10px !important;}&#8221;][vc_empty_space height=&#8221;10px&#8221;]<div class=\" ubtn-ctn-left \"><a class=\"ubtn-link ult-adjust-bottom-margin ubtn-left ubtn-normal \" href=\"https:\/\/neatrade.al\/index.php\/kontakt\/\" title=\"KONTAKT\" ><button type=\"button\" id=\"ubtn-9255\"  class=\"ubtn ult-adjust-bottom-margin ult-responsive ubtn-normal ubtn-center-dg-bg  none  ubtn-left   tooltip-69d56a6590f06\"  data-hover=\"#eae5e1\" data-border-color=\"\" data-bg=\"#e9e4e0\" data-hover-bg=\"#000000\" data-border-hover=\"\" data-shadow-hover=\"\" data-shadow-click=\"none\" data-shadow=\"\" data-shd-shadow=\"\"  data-ultimate-target='#ubtn-9255'  data-responsive-json-new='{\"font-size\":\"desktop:17px;\",\"line-height\":\"\"}'  style=\"font-weight:normal;border:none;background: #e9e4e0;color: #000000;\"><span class=\"ubtn-hover\" style=\"background-color:#000000\"><\/span><span class=\"ubtn-data ubtn-text \" >Kontakt<\/span><\/button><\/a><\/div>[\/vc_column][vc_column width=&#8221;1\/3&#8243; css=&#8221;.vc_custom_1591802927182{border-left-width: 3px !important;border-left-color: #ffffff !important;border-left-style: solid !important;}&#8221;][vc_empty_space height=&#8221;12px&#8221;][vc_custom_heading text=&#8221;Distributor zyrtar i&#8221; font_container=&#8221;tag:h3|text_align:center|color:%23ffffff&#8221; use_theme_fonts=&#8221;yes&#8221;][vc_empty_space height=&#8221;10px&#8221;][vc_single_image image=&#8221;302&#8243; img_size=&#8221;full&#8221; alignment=&#8221;center&#8221;][\/vc_column][\/vc_row]<\/p>\n<\/div>","protected":false},"excerpt":{"rendered":"<p>[vc_row bg_type=&#8221;image&#8221; parallax_style=&#8221;vcpb-default&#8221; bg_image_new=&#8221;id^68|url^https:\/\/neatrade.al\/wp-content\/uploads\/2020\/06\/ASSSD.jpg|caption^null|alt^null|title^ASSSD|description^null&#8221; bg_image_repeat=&#8221;no-repeat&#8221; bg_override=&#8221;ex-full&#8221; css=&#8221;.vc_custom_1591718002678{padding-top: 50px !important;padding-bottom: 50px !important;}&#8221;][vc_column width=&#8221;1\/2&#8243;][vc_single_image image=&#8221;62&#8243; img_size=&#8221;600&#215;450&#8243; el_class=&#8221;img_dsg&#8221;][\/vc_column][vc_column width=&#8221;1\/2&#8243;][vc_empty_space height=&#8221;40px&#8221;][vc_custom_heading text=&#8221;RRETH NEA TRADE&#8221; use_theme_fonts=&#8221;yes&#8221;][vc_column_text]Nea Trade \u00ebsht\u00eb themeluar n\u00eb vitin 2014 nga nj\u00eb aksioner i vet\u00ebm, Donald B\u00ebshtika. Kompania e ka nisur aktivitetin n\u00eb importin dhe distribucionin e kafes\u00eb e t\u00eb ver\u00ebs, duke synuar tregun shqip\u00ebtar. Ne kemi zgjedhur&hellip;<\/p>\n","protected":false},"author":1,"featured_media":0,"parent":0,"menu_order":0,"comment_status":"closed","ping_status":"closed","template":"","meta":{"footnotes":""},"class_list":["post-15","page","type-page","status-publish","hentry","description-off"],"_links":{"self":[{"href":"https:\/\/neatrade.al\/index.php\/wp-json\/wp\/v2\/pages\/15","targetHints":{"allow":["GET"]}}],"collection":[{"href":"https:\/\/neatrade.al\/index.php\/wp-json\/wp\/v2\/pages"}],"about":[{"href":"https:\/\/neatrade.al\/index.php\/wp-json\/wp\/v2\/types\/page"}],"author":[{"embeddable":true,"href":"https:\/\/neatrade.al\/index.php\/wp-json\/wp\/v2\/users\/1"}],"replies":[{"embeddable":true,"href":"https:\/\/neatrade.al\/index.php\/wp-json\/wp\/v2\/comments?post=15"}],"version-history":[{"count":38,"href":"https:\/\/neatrade.al\/index.php\/wp-json\/wp\/v2\/pages\/15\/revisions"}],"predecessor-version":[{"id":634,"href":"https:\/\/neatrade.al\/index.php\/wp-json\/wp\/v2\/pages\/15\/revisions\/634"}],"wp:attachment":[{"href":"https:\/\/neatrade.al\/index.php\/wp-json\/wp\/v2\/media?parent=15"}],"curies":[{"name":"wp","href":"https:\/\/api.w.org\/{rel}","templated":true}]}}