{"id":129,"date":"2020-06-10T12:25:33","date_gmt":"2020-06-10T12:25:33","guid":{"rendered":"https:\/\/neatrade.al\/?page_id=129"},"modified":"2023-03-07T16:18:54","modified_gmt":"2023-03-07T16:18:54","slug":"bolle-e-stille-winner","status":"publish","type":"page","link":"https:\/\/neatrade.al\/index.php\/bolle-e-stille-winner\/","title":{"rendered":"Bolle e Stille Winner"},"content":{"rendered":"<div class=\"wpb-content-wrapper\"><p>[vc_row][vc_column width=&#8221;1\/2&#8243;][vc_single_image image=&#8221;130&#8243; img_size=&#8221;full&#8221; alignment=&#8221;center&#8221;][\/vc_column][vc_column width=&#8221;1\/2&#8243;][vc_custom_heading text=&#8221;Bolle e Stille Winner. L&#8217;acqua \u00e8 stile&#8221; use_theme_fonts=&#8221;yes&#8221;][vc_column_text]<\/p>\n<div class=\"main-text\">Una slakgjjhlsgjsdfjkhgdsj<\/div>\n<div class=\"main-text\"><strong>Quattro firme di eccellenza per un prodotto dalle caratteristiche uniche.<\/strong><\/div>\n<div class=\"main-text\">Stille \u00e8 l&#8217;acqua minerale naturale di montagna imbottigliata come nasce dalla fonte e Bolle l&#8217;acqua minerale addizionata con anidride carbonica da giacimento naturale. Bolle e Stille sono la risposta a chi cerca nel cibo emozioni e momenti di piacere esclusivo, pretendendo sempre la massima garanzia sul prodotto consumato.<\/div>\n<div><\/div>\n<div class=\"main-text\">Per esprimere tutto questo Sottsass Associati hanno studiato una bottiglia dal carattere unico. L&#8217;idea iniziale \u00e8 stata quella di immaginare una bottiglia per l&#8217;acqua che fosse elegante ed importante come le posate, la cristalleria e la tovaglia immacolata, valorizzando cos\u00ec l&#8217;insieme visivo sulla tavola. Il design della bottiglia Lurisia \u00e8 semplice e trasparente grazie all&#8217;utilizzo di curve delicate, con colori, sfumature e volumi che evocano in ogni particolare la presenza e lo spirito dell&#8217;acqua.<\/div>\n<p>[\/vc_column_text]<div class=\"ult_exp_section_layer ult-adjust-bottom-margin  \" >\n\t\t<div id=\"uvc-exp-wrap-8717\" role=\"button\" tabindex=\"0\" aria-pressed=\"false\"  data-ultimate-target='#uvc-exp-wrap-8717'  data-responsive-json-new='{\"font-size\":\"desktop:20px;\",\"line-height\":\"desktop:20px;\"}'  class=\"ult_exp_section  ult-responsive \" style=\"color:#333333;background-color:#eae5e1; font-weight:normal;  text-align:center;\" data-textcolor=\"#333333\"data-texthover=\"#333333\"data-icncolor=\"#333333\"data-ihover=\"#333333\"data-height=\"0\"data-cntbg=\"#eae5e1\"data-cnthvrbg=\"#eae5e1\"data-headerbg=\"#eae5e1\"data-headerhover=\"#eae5e1\"data-title=\"Lexo me shume\"data-newtitle=\"Lexo me shume\"data-icon=\"\"data-newicon=\"\"data-activeicon=\"#333333\"data-effect=\"slideToggle\"data-override=\"0\"data-activetitle=\"#333333\"data-activebg=\"#eae5e1\"data-img=\"\"data-newimg=\"\"><div  class=\"ult_exp_section-main \">\n\t\t\t\t\t<div class=\"ult_expheader\" >Lexo me shume\n\t\t\t\t\t <\/div><\/div>\n\t\t\t\t<\/div><div class=\"ult_exp_content \" style=\"background-color:#eae5e1;  \"><div class=\"ult_ecpsub_cont\" style=\" \" >[vc_column_text css=&#8221;.vc_custom_1591795925747{padding-right: 10px !important;padding-left: 10px !important;}&#8221;]<\/p>\n<div class=\"drink-property\">\n<p style=\"text-align: left;\"><strong>Fonte dei Pini\u00a0<\/strong><\/p>\n<p style=\"text-align: left;\">Durezza totale:\u00a0<strong>\u00b0f 1,6\u00a0<\/strong>Contenuto di sodio:\u00a0<strong>0,8 mg\/l\u00a0<\/strong>Residuo fisso a 180 \u00b0C:\u00a0<strong>32 mg\/l<\/strong>\u00a0pH al prelievo:\u00a0<strong>6,0<\/strong><\/p>\n<\/div>\n<div class=\"sub-text\">\n<p style=\"text-align: left;\">Perfettamente incolore con riflessi condizionati dall&#8217;ambiente circostante. Perfettamente inodore.<br \/>\nGusto perfettamente equilibrato e neutro per la quantit\u00e0 minima di minerali presenti. Decisa tendenza insapore.<\/p>\n<p style=\"text-align: left;\">Consumata in purezza \u00e8 un&#8217;ottima dissetante ed \u00e8 indicata ad accompagnare tutto il pasto per la sua caratteristica di neutralit\u00e0. Non copre n\u00e9 inquina i sapori ma li esalta lasciando il palato pulito.<br \/>\nSia nella versione Bolle che Stille, da servire in bicchiere di vetro trasparente, preferibilmente con stelo, senza ghiaccio.<\/p>\n<p style=\"text-align: left;\">Temperatura: 13\/17 \u00b0C<\/p>\n<\/div>\n<p>[\/vc_column_text]<\/div><\/div>\n\n\t\t\t<\/div><div class=\"aio-icon-component    style_1\"><div id=\"Info-box-wrap-1631\" class=\"aio-icon-box default-icon\" style=\"\"  ><div class=\"aio-icon-default\"><div class=\"ult-just-icon-wrapper  \"><div class=\"align-icon\" style=\"text-align:center;\">\n<div class=\"aio-icon-img \" style=\"font-size:50px;display:inline-block;\" >\n\t<img decoding=\"async\" class=\"img-icon\" alt=\"null\" src=\"https:\/\/neatrade.al\/wp-content\/uploads\/2020\/06\/PDF-Download-button.png\"\/>\n<\/div><\/div><\/div><\/div><div class=\"aio-icon-header\" ><a class=\"aio-icon-box-link\" href=\"\/wp-content\/uploads\/2020\/06\/2016_Lurisia_BolleStille_Winner-1.pdf\" ><h3 class=\"aio-icon-title ult-responsive\"  data-ultimate-target='#Info-box-wrap-1631 .aio-icon-title'  data-responsive-json-new='{\"font-size\":\"\",\"line-height\":\"\"}'  style=\"\">Skeda Teknike<\/h3><\/a><\/div> <!-- header --><\/div> <!-- aio-icon-box --><\/div> <!-- aio-icon-component -->[\/vc_column][\/vc_row]<\/p>\n<\/div>","protected":false},"excerpt":{"rendered":"<p>[vc_row][vc_column width=&#8221;1\/2&#8243;][vc_single_image image=&#8221;130&#8243; img_size=&#8221;full&#8221; alignment=&#8221;center&#8221;][\/vc_column][vc_column width=&#8221;1\/2&#8243;][vc_custom_heading text=&#8221;Bolle e Stille Winner. L&#8217;acqua \u00e8 stile&#8221; use_theme_fonts=&#8221;yes&#8221;][vc_column_text] Una slakgjjhlsgjsdfjkhgdsj Quattro firme di eccellenza per un prodotto dalle caratteristiche uniche. Stille \u00e8 l&#8217;acqua minerale naturale di montagna imbottigliata come nasce dalla fonte e Bolle l&#8217;acqua minerale addizionata con anidride carbonica da giacimento naturale. Bolle e Stille sono la risposta&hellip;<\/p>\n","protected":false},"author":1,"featured_media":0,"parent":0,"menu_order":0,"comment_status":"closed","ping_status":"closed","template":"","meta":{"footnotes":""},"class_list":["post-129","page","type-page","status-publish","hentry","description-off"],"_links":{"self":[{"href":"https:\/\/neatrade.al\/index.php\/wp-json\/wp\/v2\/pages\/129","targetHints":{"allow":["GET"]}}],"collection":[{"href":"https:\/\/neatrade.al\/index.php\/wp-json\/wp\/v2\/pages"}],"about":[{"href":"https:\/\/neatrade.al\/index.php\/wp-json\/wp\/v2\/types\/page"}],"author":[{"embeddable":true,"href":"https:\/\/neatrade.al\/index.php\/wp-json\/wp\/v2\/users\/1"}],"replies":[{"embeddable":true,"href":"https:\/\/neatrade.al\/index.php\/wp-json\/wp\/v2\/comments?post=129"}],"version-history":[{"count":10,"href":"https:\/\/neatrade.al\/index.php\/wp-json\/wp\/v2\/pages\/129\/revisions"}],"predecessor-version":[{"id":683,"href":"https:\/\/neatrade.al\/index.php\/wp-json\/wp\/v2\/pages\/129\/revisions\/683"}],"wp:attachment":[{"href":"https:\/\/neatrade.al\/index.php\/wp-json\/wp\/v2\/media?parent=129"}],"curies":[{"name":"wp","href":"https:\/\/api.w.org\/{rel}","templated":true}]}}